{"id":32,"date":"2025-03-12T12:50:03","date_gmt":"2025-03-12T15:50:03","guid":{"rendered":"http:\/\/37.27.5.203\/energy\/?page_id=32"},"modified":"2025-03-12T12:50:10","modified_gmt":"2025-03-12T15:50:10","slug":"about","status":"publish","type":"page","link":"http:\/\/37.27.5.203\/energy\/about\/","title":{"rendered":"About"},"content":{"rendered":"\n<div class=\"wp-block-uagb-container uagb-block-cd2bf25d alignfull uagb-is-root-container\"><div class=\"uagb-container-inner-blocks-wrap\">\n<div class=\"wp-block-uagb-advanced-heading uagb-block-26b518ac\"><p class=\"uagb-desc-text\">Bienestar<\/p><h1 class=\"uagb-heading-text\">Conoc\u00e9 m\u00e1s sobre Energy Nutrition Space<\/h1><\/div>\n<\/div><\/div>\n\n\n\n<div class=\"wp-block-uagb-container uagb-block-d9a6699b alignfull uagb-is-root-container\"><div class=\"uagb-container-inner-blocks-wrap\">\n<div class=\"wp-block-uagb-container uagb-block-2a0810e6\">\n<div class=\"wp-block-uagb-advanced-heading uagb-block-9ba080a1\"><p class=\"uagb-desc-text\">Nuestra esencia<\/p><h2 class=\"uagb-heading-text\">Comprometidos con la nutrici\u00f3n y tu salud integral<\/h2><\/div>\n\n\n\n<div class=\"wp-block-uagb-advanced-heading uagb-block-f12469fe\"><p class=\"uagb-heading-text\">Energy Nutrition Space se especializa en ofrecer una amplia gama de suplementos nutricionales que benefician la salud y el rendimiento de nuestros clientes. Desde nutrici\u00f3n deportiva hasta nutricosm\u00e9tica, nuestros productos han ayudado a miles de personas a alcanzar sus objetivos de bienestar y calidad de vida. Con un enfoque en ingredientes naturales, garantizamos resultados visibles en la salud y la vitalidad de nuestros usuarios.<\/p><p class=\"uagb-desc-text\">Nuestra empresa ha sido un aliado esencial en la mejora de la calidad de vida y la nutrici\u00f3n de nuestros clientes. A trav\u00e9s de un constante aprendizaje y actualizaci\u00f3n, brindamos productos que se adaptan a diversas necesidades, asegurando as\u00ed la satisfacci\u00f3n y confianza de quienes eligen Energy Nutrition Space.<\/p><\/div>\n<\/div>\n\n\n\n<div class=\"wp-block-uagb-image uagb-block-aa6e155d wp-block-uagb-image--layout-default wp-block-uagb-image--effect-static wp-block-uagb-image--align-none\"><figure class=\"wp-block-uagb-image__figure\"><img decoding=\"async\" srcset=\"http:\/\/37.27.5.203\/energy\/wp-content\/uploads\/2025\/03\/estress-y-deporte-768x555-1.jpg ,http:\/\/37.27.5.203\/energy\/wp-content\/uploads\/2024\/06\/how-we-are.jpg 780w, http:\/\/37.27.5.203\/energy\/wp-content\/uploads\/2024\/06\/how-we-are.jpg 360w\" sizes=\"auto, (max-width: 480px) 150px\" src=\"http:\/\/37.27.5.203\/energy\/wp-content\/uploads\/2025\/03\/estress-y-deporte-768x555-1.jpg\" alt=\"\" class=\"uag-image-7\" width=\"1200\" height=\"450\" title=\"how-we-are\" loading=\"lazy\" role=\"img\"\/><\/figure><\/div>\n\n\n\n<div class=\"wp-block-uagb-container uagb-block-34df9393\">\n<div class=\"wp-block-uagb-container uagb-block-cf29644c\">\n<div class=\"wp-block-uagb-advanced-heading uagb-block-ebb1536b\"><h3 class=\"uagb-heading-text\">Misi\u00f3n<\/h3><p class=\"uagb-desc-text\">Nuestra misi\u00f3n es promover estilos de vida saludables mediante suplementos nutricionales de alta calidad, apoyando a nuestros clientes en su bienestar integral.<\/p><\/div>\n<\/div>\n\n\n\n<div class=\"wp-block-uagb-container uagb-block-73a726e4\">\n<div class=\"wp-block-uagb-advanced-heading uagb-block-414c8d9f\"><h3 class=\"uagb-heading-text\">Visi\u00f3n<\/h3><p class=\"uagb-desc-text\">Aspiramos a ser la empresa l\u00edder en suplementos nutricionales en Argentina, reconocido por la calidad y eficacia de nuestros productos.<\/p><\/div>\n<\/div>\n\n\n\n<div class=\"wp-block-uagb-container uagb-block-8f052846\">\n<div class=\"wp-block-uagb-advanced-heading uagb-block-4bbdd7d2\"><h3 class=\"uagb-heading-text\">Valor<\/h3><p class=\"uagb-desc-text\">Nos regimos por la honestidad, la calidad y la innovaci\u00f3n, priorizando siempre la salud y el bienestar de nuestros clientes.<\/p><\/div>\n<\/div>\n<\/div>\n<\/div><\/div>\n\n\n\n<div class=\"wp-block-uagb-container uagb-layout-grid uagb-block-6dd98696 alignfull uagb-is-root-container\"><div class=\"uagb-container-inner-blocks-wrap\">\n<div class=\"wp-block-uagb-image uagb-block-424e1e01 wp-block-uagb-image--layout-default wp-block-uagb-image--effect-static wp-block-uagb-image--align-none\"><figure class=\"wp-block-uagb-image__figure\"><img decoding=\"async\" srcset=\"http:\/\/37.27.5.203\/energy\/wp-content\/uploads\/2025\/03\/deporte-y-colesterol-768x555-1.jpg ,http:\/\/37.27.5.203\/energy\/wp-content\/uploads\/2025\/03\/deporte-y-colesterol-768x555-1.jpg 780w, http:\/\/37.27.5.203\/energy\/wp-content\/uploads\/2025\/03\/deporte-y-colesterol-768x555-1.jpg 360w\" sizes=\"auto, (max-width: 480px) 150px\" src=\"http:\/\/37.27.5.203\/energy\/wp-content\/uploads\/2025\/03\/deporte-y-colesterol-768x555-1.jpg\" alt=\"\" class=\"uag-image-8\" width=\"560\" height=\"450\" title=\"about-us-01\" loading=\"lazy\" role=\"img\"\/><\/figure><\/div>\n\n\n\n<div class=\"wp-block-uagb-info-box uagb-block-b0ae75bf uagb-infobox__content-wrap  uagb-infobox-icon-above-title uagb-infobox-image-valign-top\"><div class=\"uagb-ifb-content\"><div class=\"uagb-ifb-title-wrap\"><span class=\"uagb-ifb-title-prefix\">Nuestros comienzos<\/span><h2 class=\"uagb-ifb-title\">La historia de Energy Nutrition Space: un compromiso con la salud<\/h2><\/div><p class=\"uagb-ifb-desc\">Fundada con el objetivo de ofrecer soluciones nutricionales efectivas, Energy Nutrition Space ha crecido para convertirse en un referente en suplementaci\u00f3n en CABA. Desde nuestros inicios, hemos trabajado incansablemente para brindar productos de calidad que marquen la diferencia en la vida de nuestros clientes, adapt\u00e1ndonos a sus necesidades y creando una comunidad enfocada en el bienestar.<\/p><\/div><\/div>\n<\/div><\/div>\n\n\n\n<div class=\"wp-block-uagb-container uagb-block-e48afbb0 alignfull uagb-is-root-container\"><div class=\"uagb-container-inner-blocks-wrap\">\n<div class=\"wp-block-uagb-info-box uagb-block-c1c19ed1 uagb-infobox__content-wrap  uagb-infobox-icon-above-title uagb-infobox-image-valign-top\"><div class=\"uagb-ifb-content\"><div class=\"uagb-ifb-title-wrap\"><h2 class=\"uagb-ifb-title\">QUIEN SE TRANSFORMA <br>A S\u00cd MISMO,<br>TRANSFORMA EL MUNDO<\/h2><\/div><p class=\"uagb-ifb-desc\">&#8211; Dalai Lama &#8211;<\/p><\/div><\/div>\n<\/div><\/div>\n","protected":false},"excerpt":{"rendered":"<p>Bienestar Conoc\u00e9 m\u00e1s sobre Energy Nutrition Space Nuestra esencia Comprometidos con la nutrici\u00f3n y tu salud integral Energy Nutrition Space [&hellip;]<\/p>\n","protected":false},"author":1,"featured_media":0,"parent":0,"menu_order":0,"comment_status":"closed","ping_status":"closed","template":"","meta":{"_uag_custom_page_level_css":"","site-sidebar-layout":"default","site-content-layout":"","ast-site-content-layout":"","site-content-style":"default","site-sidebar-style":"default","ast-global-header-display":"","ast-banner-title-visibility":"","ast-main-header-display":"","ast-hfb-above-header-display":"","ast-hfb-below-header-display":"","ast-hfb-mobile-header-display":"","site-post-title":"disabled","ast-breadcrumbs-content":"","ast-featured-img":"","footer-sml-layout":"","theme-transparent-header-meta":"","adv-header-id-meta":"","stick-header-meta":"","header-above-stick-meta":"","header-main-stick-meta":"","header-below-stick-meta":"","astra-migrate-meta-layouts":"default","ast-page-background-enabled":"default","ast-page-background-meta":{"desktop":{"background-color":"var(--ast-global-color-4)","background-image":"","background-repeat":"repeat","background-position":"center center","background-size":"auto","background-attachment":"scroll","background-type":"","background-media":"","overlay-type":"","overlay-color":"","overlay-opacity":"","overlay-gradient":""},"tablet":{"background-color":"","background-image":"","background-repeat":"repeat","background-position":"center center","background-size":"auto","background-attachment":"scroll","background-type":"","background-media":"","overlay-type":"","overlay-color":"","overlay-opacity":"","overlay-gradient":""},"mobile":{"background-color":"","background-image":"","background-repeat":"repeat","background-position":"center center","background-size":"auto","background-attachment":"scroll","background-type":"","background-media":"","overlay-type":"","overlay-color":"","overlay-opacity":"","overlay-gradient":""}},"ast-content-background-meta":{"desktop":{"background-color":"var(--ast-global-color-5)","background-image":"","background-repeat":"repeat","background-position":"center center","background-size":"auto","background-attachment":"scroll","background-type":"","background-media":"","overlay-type":"","overlay-color":"","overlay-opacity":"","overlay-gradient":""},"tablet":{"background-color":"var(--ast-global-color-5)","background-image":"","background-repeat":"repeat","background-position":"center center","background-size":"auto","background-attachment":"scroll","background-type":"","background-media":"","overlay-type":"","overlay-color":"","overlay-opacity":"","overlay-gradient":""},"mobile":{"background-color":"var(--ast-global-color-5)","background-image":"","background-repeat":"repeat","background-position":"center center","background-size":"auto","background-attachment":"scroll","background-type":"","background-media":"","overlay-type":"","overlay-color":"","overlay-opacity":"","overlay-gradient":""}},"footnotes":""},"class_list":["post-32","page","type-page","status-publish","hentry"],"uagb_featured_image_src":{"full":false,"thumbnail":false,"medium":false,"medium_large":false,"large":false,"1536x1536":false,"2048x2048":false},"uagb_author_info":{"display_name":"energy","author_link":"http:\/\/37.27.5.203\/energy\/author\/energy\/"},"uagb_comment_info":0,"uagb_excerpt":"Bienestar Conoc\u00e9 m\u00e1s sobre Energy Nutrition Space Nuestra esencia Comprometidos con la nutrici\u00f3n y tu salud integral Energy Nutrition Space [&hellip;]","_links":{"self":[{"href":"http:\/\/37.27.5.203\/energy\/wp-json\/wp\/v2\/pages\/32","targetHints":{"allow":["GET"]}}],"collection":[{"href":"http:\/\/37.27.5.203\/energy\/wp-json\/wp\/v2\/pages"}],"about":[{"href":"http:\/\/37.27.5.203\/energy\/wp-json\/wp\/v2\/types\/page"}],"author":[{"embeddable":true,"href":"http:\/\/37.27.5.203\/energy\/wp-json\/wp\/v2\/users\/1"}],"replies":[{"embeddable":true,"href":"http:\/\/37.27.5.203\/energy\/wp-json\/wp\/v2\/comments?post=32"}],"version-history":[{"count":2,"href":"http:\/\/37.27.5.203\/energy\/wp-json\/wp\/v2\/pages\/32\/revisions"}],"predecessor-version":[{"id":232,"href":"http:\/\/37.27.5.203\/energy\/wp-json\/wp\/v2\/pages\/32\/revisions\/232"}],"wp:attachment":[{"href":"http:\/\/37.27.5.203\/energy\/wp-json\/wp\/v2\/media?parent=32"}],"curies":[{"name":"wp","href":"https:\/\/api.w.org\/{rel}","templated":true}]}}